{"id":2,"date":"2025-11-22T21:53:17","date_gmt":"2025-11-22T21:53:17","guid":{"rendered":"https:\/\/flashnet.ec\/?page_id=2"},"modified":"2025-11-23T00:51:11","modified_gmt":"2025-11-23T00:51:11","slug":"sample-page","status":"publish","type":"page","link":"https:\/\/flashnet.ec\/index.php\/sample-page\/","title":{"rendered":"FlashNet.ec"},"content":{"rendered":"\n<h1 class=\"wp-block-heading\"><strong>Qui\u00e9nes Somos<\/strong><\/h1>\n\n\n\n<p>En <strong>FlashNet<\/strong> somos una empresa proveedora de servicios de internet comprometida con ofrecer conectividad de alta calidad para hogares, negocios y emprendedores de Jipijapa y la provincia de Manab\u00ed. Nuestra prioridad es brindar un servicio estable, r\u00e1pido y accesible, respaldado por un equipo t\u00e9cnico altamente capacitado y una infraestructura moderna.<\/p>\n\n\n\n<p>Desde nuestros inicios, trabajamos bajo un principio claro:<br><strong>conectar a las personas con tecnolog\u00eda confiable que mejore su vida y su trabajo.<\/strong><\/p>\n\n\n\n<p>Gracias a nuestra red en constante expansi\u00f3n y al uso de equipos de \u00faltima generaci\u00f3n, garantizamos:<\/p>\n\n\n\n<ul class=\"wp-block-list\">\n<li><strong>Velocidad real y baja latencia<\/strong><\/li>\n\n\n\n<li><strong>Cobertura estable y continua<\/strong><\/li>\n\n\n\n<li><strong>Atenci\u00f3n t\u00e9cnica oportuna y personalizada<\/strong><\/li>\n\n\n\n<li><strong>Planes flexibles dise\u00f1ados para cada necesidad<\/strong><\/li>\n<\/ul>\n\n\n\n<p>En FlashNet creemos que internet no es solo un servicio, sino una herramienta que impulsa el aprendizaje, el emprendimiento, el entretenimiento y la comunicaci\u00f3n. Por eso, cada d\u00eda nos esforzamos en ofrecer una experiencia superior, transparente y cercana a nuestros usuarios.<\/p>\n\n\n\n<p>Somos m\u00e1s que un ISP:<br><strong>somos tu socio en conectividad.<\/strong><\/p>\n","protected":false},"excerpt":{"rendered":"<p>Qui\u00e9nes Somos En FlashNet somos una empresa proveedora de servicios de internet comprometida con ofrecer conectividad de alta calidad para hogares, negocios y emprendedores de Jipijapa y la provincia de Manab\u00ed. Nuestra prioridad es brindar un servicio estable, r\u00e1pido y accesible, respaldado por un equipo t\u00e9cnico altamente capacitado y una infraestructura moderna. Desde nuestros inicios, [&hellip;]<\/p>\n","protected":false},"author":1,"featured_media":0,"parent":0,"menu_order":0,"comment_status":"closed","ping_status":"open","template":"","meta":{"ngg_post_thumbnail":0,"footnotes":""},"class_list":["post-2","page","type-page","status-publish","hentry"],"yoast_head":"<!-- This site is optimized with the Yoast SEO plugin v26.4 - https:\/\/yoast.com\/wordpress\/plugins\/seo\/ -->\n<title>FlashNet.ec - FlashNet.ec<\/title>\n<meta name=\"robots\" content=\"index, follow, max-snippet:-1, max-image-preview:large, max-video-preview:-1\" \/>\n<link rel=\"canonical\" href=\"https:\/\/flashnet.ec\/index.php\/sample-page\/\" \/>\n<meta property=\"og:locale\" content=\"es_ES\" \/>\n<meta property=\"og:type\" content=\"article\" \/>\n<meta property=\"og:title\" content=\"FlashNet.ec - FlashNet.ec\" \/>\n<meta property=\"og:description\" content=\"Qui\u00e9nes Somos En FlashNet somos una empresa proveedora de servicios de internet comprometida con ofrecer conectividad de alta calidad para hogares, negocios y emprendedores de Jipijapa y la provincia de Manab\u00ed. Nuestra prioridad es brindar un servicio estable, r\u00e1pido y accesible, respaldado por un equipo t\u00e9cnico altamente capacitado y una infraestructura moderna. Desde nuestros inicios, [&hellip;]\" \/>\n<meta property=\"og:url\" content=\"https:\/\/flashnet.ec\/index.php\/sample-page\/\" \/>\n<meta property=\"og:site_name\" content=\"FlashNet.ec\" \/>\n<meta property=\"article:modified_time\" content=\"2025-11-23T00:51:11+00:00\" \/>\n<meta name=\"twitter:card\" content=\"summary_large_image\" \/>\n<meta name=\"twitter:label1\" content=\"Tiempo de lectura\" \/>\n\t<meta name=\"twitter:data1\" content=\"1 minuto\" \/>\n<script type=\"application\/ld+json\" class=\"yoast-schema-graph\">{\"@context\":\"https:\/\/schema.org\",\"@graph\":[{\"@type\":\"WebPage\",\"@id\":\"https:\/\/flashnet.ec\/index.php\/sample-page\/\",\"url\":\"https:\/\/flashnet.ec\/index.php\/sample-page\/\",\"name\":\"FlashNet.ec - FlashNet.ec\",\"isPartOf\":{\"@id\":\"https:\/\/flashnet.ec\/#website\"},\"datePublished\":\"2025-11-22T21:53:17+00:00\",\"dateModified\":\"2025-11-23T00:51:11+00:00\",\"breadcrumb\":{\"@id\":\"https:\/\/flashnet.ec\/index.php\/sample-page\/#breadcrumb\"},\"inLanguage\":\"es\",\"potentialAction\":[{\"@type\":\"ReadAction\",\"target\":[\"https:\/\/flashnet.ec\/index.php\/sample-page\/\"]}]},{\"@type\":\"BreadcrumbList\",\"@id\":\"https:\/\/flashnet.ec\/index.php\/sample-page\/#breadcrumb\",\"itemListElement\":[{\"@type\":\"ListItem\",\"position\":1,\"name\":\"Portada\",\"item\":\"https:\/\/flashnet.ec\/\"},{\"@type\":\"ListItem\",\"position\":2,\"name\":\"FlashNet.ec\"}]},{\"@type\":\"WebSite\",\"@id\":\"https:\/\/flashnet.ec\/#website\",\"url\":\"https:\/\/flashnet.ec\/\",\"name\":\"FlashNet.ec\",\"description\":\"Internet de Banda Ancha\",\"potentialAction\":[{\"@type\":\"SearchAction\",\"target\":{\"@type\":\"EntryPoint\",\"urlTemplate\":\"https:\/\/flashnet.ec\/?s={search_term_string}\"},\"query-input\":{\"@type\":\"PropertyValueSpecification\",\"valueRequired\":true,\"valueName\":\"search_term_string\"}}],\"inLanguage\":\"es\"}]}<\/script>\n<!-- \/ Yoast SEO plugin. -->","yoast_head_json":{"title":"FlashNet.ec - FlashNet.ec","robots":{"index":"index","follow":"follow","max-snippet":"max-snippet:-1","max-image-preview":"max-image-preview:large","max-video-preview":"max-video-preview:-1"},"canonical":"https:\/\/flashnet.ec\/index.php\/sample-page\/","og_locale":"es_ES","og_type":"article","og_title":"FlashNet.ec - FlashNet.ec","og_description":"Qui\u00e9nes Somos En FlashNet somos una empresa proveedora de servicios de internet comprometida con ofrecer conectividad de alta calidad para hogares, negocios y emprendedores de Jipijapa y la provincia de Manab\u00ed. Nuestra prioridad es brindar un servicio estable, r\u00e1pido y accesible, respaldado por un equipo t\u00e9cnico altamente capacitado y una infraestructura moderna. Desde nuestros inicios, [&hellip;]","og_url":"https:\/\/flashnet.ec\/index.php\/sample-page\/","og_site_name":"FlashNet.ec","article_modified_time":"2025-11-23T00:51:11+00:00","twitter_card":"summary_large_image","twitter_misc":{"Tiempo de lectura":"1 minuto"},"schema":{"@context":"https:\/\/schema.org","@graph":[{"@type":"WebPage","@id":"https:\/\/flashnet.ec\/index.php\/sample-page\/","url":"https:\/\/flashnet.ec\/index.php\/sample-page\/","name":"FlashNet.ec - FlashNet.ec","isPartOf":{"@id":"https:\/\/flashnet.ec\/#website"},"datePublished":"2025-11-22T21:53:17+00:00","dateModified":"2025-11-23T00:51:11+00:00","breadcrumb":{"@id":"https:\/\/flashnet.ec\/index.php\/sample-page\/#breadcrumb"},"inLanguage":"es","potentialAction":[{"@type":"ReadAction","target":["https:\/\/flashnet.ec\/index.php\/sample-page\/"]}]},{"@type":"BreadcrumbList","@id":"https:\/\/flashnet.ec\/index.php\/sample-page\/#breadcrumb","itemListElement":[{"@type":"ListItem","position":1,"name":"Portada","item":"https:\/\/flashnet.ec\/"},{"@type":"ListItem","position":2,"name":"FlashNet.ec"}]},{"@type":"WebSite","@id":"https:\/\/flashnet.ec\/#website","url":"https:\/\/flashnet.ec\/","name":"FlashNet.ec","description":"Internet de Banda Ancha","potentialAction":[{"@type":"SearchAction","target":{"@type":"EntryPoint","urlTemplate":"https:\/\/flashnet.ec\/?s={search_term_string}"},"query-input":{"@type":"PropertyValueSpecification","valueRequired":true,"valueName":"search_term_string"}}],"inLanguage":"es"}]}},"_links":{"self":[{"href":"https:\/\/flashnet.ec\/index.php\/wp-json\/wp\/v2\/pages\/2","targetHints":{"allow":["GET"]}}],"collection":[{"href":"https:\/\/flashnet.ec\/index.php\/wp-json\/wp\/v2\/pages"}],"about":[{"href":"https:\/\/flashnet.ec\/index.php\/wp-json\/wp\/v2\/types\/page"}],"author":[{"embeddable":true,"href":"https:\/\/flashnet.ec\/index.php\/wp-json\/wp\/v2\/users\/1"}],"replies":[{"embeddable":true,"href":"https:\/\/flashnet.ec\/index.php\/wp-json\/wp\/v2\/comments?post=2"}],"version-history":[{"count":2,"href":"https:\/\/flashnet.ec\/index.php\/wp-json\/wp\/v2\/pages\/2\/revisions"}],"predecessor-version":[{"id":40,"href":"https:\/\/flashnet.ec\/index.php\/wp-json\/wp\/v2\/pages\/2\/revisions\/40"}],"wp:attachment":[{"href":"https:\/\/flashnet.ec\/index.php\/wp-json\/wp\/v2\/media?parent=2"}],"curies":[{"name":"wp","href":"https:\/\/api.w.org\/{rel}","templated":true}]}}